{"id":3,"date":"2024-02-21T21:36:21","date_gmt":"2024-02-21T21:36:21","guid":{"rendered":"https:\/\/www.demo003.pawelwolochowicz.pl\/cfg\/?page_id=3"},"modified":"2024-08-30T13:45:57","modified_gmt":"2024-08-30T11:45:57","slug":"regulamin","status":"publish","type":"page","link":"https:\/\/www.cfg.edu.pl\/eng\/regulamin\/","title":{"rendered":"Terms and Conditions"},"content":{"rendered":"<p>Regulamin darowizn online (wersja z dnia 15.02.2024 r.)<\/p>\n\n\n\n<ol class=\"wp-block-list\">\n<li>Serwis www.cfg.edu.pl umo\u017cliwia przekazanie darowizny na rzecz Fundacji Code for Green celem wsparcia dzia\u0142a\u0144 statutowych.<\/li>\n\n\n\n<li>P\u0142atno\u015bci online s\u0105 obs\u0142ugiwane przez operatora p\u0142atno\u015bci PayU SA, ul. Grunwaldzka 186, 60-166 Pozna\u0144 NIP 779-23-08-495, REGON 300523444, S\u0105d Rejonowy Pozna\u0144 &#8211; Nowe Miasto i Wilda w Poznaniu, Wydzia\u0142 VIII Gospodarczy Krajowego Rejestru S\u0105dowego, KRS 0000274399.<\/li>\n\n\n\n<li>U\u017cytkownik mo\u017ce dokona\u0107 darowizny jednorazowej lub regularnej poprzez cykliczne obci\u0105\u017cenie karty p\u0142atniczej.<\/li>\n\n\n\n<li>Na stronie Serwisu U\u017cytkownik, aby przej\u015b\u0107 do okna operatora p\u0142atno\u015bci, jest zobowi\u0105zany do podania danych takich jak imi\u0119, nazwisko i e-mail. Wszystkie dane zbierane przez Fundacj\u0119 Code for Green podlegaj\u0105 ochronie. Szczeg\u00f3\u0142owe informacje dotycz\u0105ce przetwarzania danych osobowych Darczy\u0144c\u00f3w przez Fundacj\u0119 Code for Green dost\u0119pne na stronie codeforgreen.edu.pl. <\/li>\n\n\n\n<li>W celu dokonania darowizny jednorazowej przez Serwis U\u017cytkownik zostaje przekierowany do serwisu www.payu.pl<\/li>\n\n\n\n<li>Osoba decyduj\u0105ca si\u0119 na ustawienie p\u0142atno\u015bci cyklicznych na swojej karcie p\u0142atniczej, jest zobowi\u0105zana wype\u0142ni\u0107 formularz dost\u0119pny w Serwisie, podaj\u0105c imi\u0119, nazwisko, adres e-mail oraz dane karty p\u0142atniczej. Transakcje w imieniu Fundacji Code for Gren wykonywane s\u0105 przez system PayU i s\u0105 obs\u0142ugiwane przez operatora p\u0142atno\u015bci PayU SA, ul. Grunwaldzka 186, 60-166 Pozna\u0144 NIP 779-23-08-495, REGON 300523444, S\u0105d Rejonowy Pozna\u0144 &#8211; Nowe Miasto i Wilda w Poznaniu, Wydzia\u0142 VIII Gospodarczy Krajowego Rejestru S\u0105dowego, KRS 0000274399. Szczeg\u00f3\u0142y dotycz\u0105ce realizacji p\u0142atno\u015bci online oraz sposobu jej wykonania przez operatora p\u0142atno\u015bci PayU okre\u015bla regulamin stosowany przez w\/w operatora p\u0142atno\u015bci, z kt\u00f3rym U\u017cytkownik mo\u017ce si\u0119 zapozna\u0107 na stronie https:\/\/www.payu.pl\/pliki-do-pobrania przed rozpocz\u0119ciem p\u0142atno\u015bci. <\/li>\n\n\n\n<li>Pierwsza darowizna pobierana jest w dniu zadeklarowania sta\u0142ego wsparcia. Kolejne p\u0142atno\u015bci realizowane s\u0105 w miesi\u0119cznych odst\u0119pach, zawsze tego samego dnia miesi\u0105ca co pierwsza p\u0142atno\u015b\u0107, pocz\u0105wszy od miesi\u0105ca nast\u0119puj\u0105cego po zadeklarowaniu wsparcia. Je\u015bli pr\u00f3ba pobrania zako\u0144czy si\u0119 niepowodzeniem, system podejmie kolejn\u0105 pr\u00f3b\u0119 pobrania darowizny 7 dni roboczych po pierwszej pr\u00f3bie pobrania.<\/li>\n\n\n\n<li>W dniu, w kt\u00f3rym up\u0142ynie wa\u017cno\u015b\u0107 karty, obci\u0105\u017canie karty p\u0142atniczej ustanie i\u202fdarowizny nie b\u0119d\u0105 pobierane. Kolejne darowizny b\u0119d\u0105 realizowane po wznowieniu karty p\u0142atniczej i ponownym ustanowieniu na stronie www.cfg.edu.pl p\u0142atno\u015bci cyklicznych za pomoc\u0105 nowej karty p\u0142atniczej.<\/li>\n\n\n\n<li>W ramach us\u0142ugi p\u0142atno\u015bci cyklicznych U\u017cytkownik ma mo\u017cliwo\u015b\u0107 zapisania danych swojej karty p\u0142atniczej. Dane karty p\u0142atniczej s\u0105 przechowywane przez PayU. PayU po\u015brednicz\u0105c w dokonaniu p\u0142atno\u015bci, udost\u0119pnia Fundacji Code for Green wirtualny identyfikator karty do p\u0142atno\u015bci cyklicznych (token), za pomoc\u0105 kt\u00f3rego U\u017cytkownik przekazuje co miesi\u0105c darowizn\u0119 na rzecz Fundacji.<\/li>\n\n\n\n<li>Na potrzeby obs\u0142ugi darowizn oraz zapyta\u0144 darczy\u0144c\u00f3w, Fundacja Code for Green przetwarza zaszyfrowany numer karty z widocznymi czterema ostatnimi cyframi oraz dat\u0119 wa\u017cno\u015bci karty, kt\u00f3ra jest to\u017csama z dat\u0105 ko\u0144ca p\u0142atno\u015bci cyklicznej.<\/li>\n\n\n\n<li>Darczy\u0144ca ma prawo zrezygnowa\u0107 z p\u0142atno\u015bci cyklicznej na rzecz Fundacji Code for Green w ka\u017cdej chwili. W celu rezygnacji z takiej p\u0142atno\u015bci Darczy\u0144ca powinien powiadomi\u0107 Fundacj\u0119 Code for Green o swojej rezygnacji, w szczeg\u00f3lno\u015bci poprzez wiadomo\u015b\u0107 elektroniczn\u0105 na adres darczyncy@cfg.edu.pl , wysy\u0142aj\u0105c pisemne zawiadomienie na adres, kt\u00f3ry jest podany w Serwisie, lub telefonicznie. Po otrzymaniu przez Fundacj\u0119 Code for Green zawiadomienia o ch\u0119ci rezygnacji ze sta\u0142ego wsparcia, kolejne wp\u0142aty nie b\u0119d\u0105 pobierane z karty Darczy\u0144cy.<\/li>\n\n\n\n<li>W ramach p\u0142atno\u015bci online U\u017cytkownik mo\u017ce dokona\u0107 p\u0142atno\u015bci za pomoc\u0105 metod p\u0142atno\u015bci udost\u0119pnianych przez PayU SA, w tym kart p\u0142atniczych i przelew\u00f3w elektronicznych (aktualna lista bank\u00f3w wsp\u00f3\u0142pracuj\u0105cych i metod p\u0142atno\u015bci PayU SA jest dost\u0119pna na stronie https:\/\/poland.payu.com\/rozwiazania-platnicze ).<\/li>\n\n\n\n<li>Szczeg\u00f3\u0142y dotycz\u0105ce realizacji p\u0142atno\u015bci online oraz sposobu jej wykonania przez operatora p\u0142atno\u015bci okre\u015blaj\u0105 regulaminy stosowane przez w\/w operatora p\u0142atno\u015bci, z kt\u00f3rymi U\u017cytkownik mo\u017ce si\u0119 zapozna\u0107 na stronie https:\/\/www.payu.pl\/pliki-dopobrania przed rozpocz\u0119ciem p\u0142atno\u015bci.<\/li>\n\n\n\n<li>W uzasadnionych przypadkach Darczy\u0144ca mo\u017ce zg\u0142osi\u0107 reklamacj\u0119 i za\u017c\u0105da\u0107 zwrotu przekazanej darowizny. Reklamacj\u0119 nale\u017cy zg\u0142osi\u0107 na adres: darczyncy@cfg.edu.pl, wpisuj\u0105c w tytule wiadomo\u015bci \u201ereklamacja\u201d oraz podaj\u0105c pow\u00f3d i szczeg\u00f3\u0142owe dane transakcji. Ka\u017cda reklamacja rozpatrywana b\u0119dzie przez Fundacj\u0119 Code for Green indywidualnie w ci\u0105gu 14 dni od daty otrzymania reklamacji.<\/li>\n\n\n\n<li>Fundacja Code for Green jest organizacj\u0105 po\u017cytku publicznego, tym samym darowizna przekazana na rzecz Fundacji \u2013 na dzie\u0144 wej\u015bcia w \u017cycie niniejszego Regulaminu &#8211; mo\u017ce zosta\u0107 odliczona przy rozliczaniu podatku od os\u00f3b fizycznych (PIT) w danym roku podatkowym, zgodnie z obowi\u0105zuj\u0105cymi przepisami prawa.<\/li>\n<\/ol>\n\n\n\n<div style=\"height:100px\" aria-hidden=\"true\" class=\"wp-block-spacer\"><\/div>","protected":false},"excerpt":{"rendered":"<p>Regulamin darowizn online (wersja z dnia 15.02.2024 r.)<\/p>","protected":false},"author":1,"featured_media":0,"parent":0,"menu_order":299,"comment_status":"closed","ping_status":"closed","template":"","meta":{"_acf_changed":false,"footnotes":""},"class_list":["post-3","page","type-page","status-publish","hentry"],"acf":[],"yoast_head":"<!-- This site is optimized with the Yoast SEO Premium plugin v23.4 (Yoast SEO v27.4) - https:\/\/yoast.com\/product\/yoast-seo-premium-wordpress\/ -->\n<title>Regulamin - Code for Green<\/title>\n<meta name=\"robots\" content=\"index, follow, max-snippet:-1, max-image-preview:large, max-video-preview:-1\" \/>\n<link rel=\"canonical\" href=\"https:\/\/www.cfg.edu.pl\/eng\/regulamin\/\" \/>\n<meta property=\"og:locale\" content=\"en_GB\" \/>\n<meta property=\"og:type\" content=\"article\" \/>\n<meta property=\"og:title\" content=\"Regulamin\" \/>\n<meta property=\"og:description\" content=\"Regulamin darowizn online (wersja z dnia 15.02.2024 r.)\" \/>\n<meta property=\"og:url\" content=\"https:\/\/www.cfg.edu.pl\/eng\/regulamin\/\" \/>\n<meta property=\"og:site_name\" content=\"Code for Green\" \/>\n<meta property=\"article:publisher\" content=\"https:\/\/www.facebook.com\/FundacjaForumInicjatywSpolecznych\/\" \/>\n<meta property=\"article:modified_time\" content=\"2024-08-30T11:45:57+00:00\" \/>\n<meta name=\"twitter:card\" content=\"summary_large_image\" \/>\n<meta name=\"twitter:label1\" content=\"Est. reading time\" \/>\n\t<meta name=\"twitter:data1\" content=\"4 minutes\" \/>\n<script type=\"application\/ld+json\" class=\"yoast-schema-graph\">{\"@context\":\"https:\\\/\\\/schema.org\",\"@graph\":[{\"@type\":\"WebPage\",\"@id\":\"https:\\\/\\\/www.cfg.edu.pl\\\/regulamin\\\/\",\"url\":\"https:\\\/\\\/www.cfg.edu.pl\\\/regulamin\\\/\",\"name\":\"Regulamin - Code for Green\",\"isPartOf\":{\"@id\":\"https:\\\/\\\/www.cfg.edu.pl\\\/#website\"},\"datePublished\":\"2024-02-21T21:36:21+00:00\",\"dateModified\":\"2024-08-30T11:45:57+00:00\",\"breadcrumb\":{\"@id\":\"https:\\\/\\\/www.cfg.edu.pl\\\/regulamin\\\/#breadcrumb\"},\"inLanguage\":\"en-GB\",\"potentialAction\":[{\"@type\":\"ReadAction\",\"target\":[\"https:\\\/\\\/www.cfg.edu.pl\\\/regulamin\\\/\"]}]},{\"@type\":\"BreadcrumbList\",\"@id\":\"https:\\\/\\\/www.cfg.edu.pl\\\/regulamin\\\/#breadcrumb\",\"itemListElement\":[{\"@type\":\"ListItem\",\"position\":1,\"name\":\"Home\",\"item\":\"https:\\\/\\\/www.cfg.edu.pl\\\/\"},{\"@type\":\"ListItem\",\"position\":2,\"name\":\"Regulamin\"}]},{\"@type\":\"WebSite\",\"@id\":\"https:\\\/\\\/www.cfg.edu.pl\\\/#website\",\"url\":\"https:\\\/\\\/www.cfg.edu.pl\\\/\",\"name\":\"Fundacja Code for Green\",\"description\":\"Edukacja, \u015arodowisko, Sprawczo\u015b\u0107, Technologia\",\"publisher\":{\"@id\":\"https:\\\/\\\/www.cfg.edu.pl\\\/#organization\"},\"alternateName\":\"Code for Green\",\"potentialAction\":[{\"@type\":\"SearchAction\",\"target\":{\"@type\":\"EntryPoint\",\"urlTemplate\":\"https:\\\/\\\/www.cfg.edu.pl\\\/?s={search_term_string}\"},\"query-input\":{\"@type\":\"PropertyValueSpecification\",\"valueRequired\":true,\"valueName\":\"search_term_string\"}}],\"inLanguage\":\"en-GB\"},{\"@type\":\"Organization\",\"@id\":\"https:\\\/\\\/www.cfg.edu.pl\\\/#organization\",\"name\":\"Code for Green\",\"alternateName\":\"Fundacja Forum Inicjatyw Spo\u0142ecznych\",\"url\":\"https:\\\/\\\/www.cfg.edu.pl\\\/\",\"logo\":{\"@type\":\"ImageObject\",\"inLanguage\":\"en-GB\",\"@id\":\"https:\\\/\\\/www.cfg.edu.pl\\\/#\\\/schema\\\/logo\\\/image\\\/\",\"url\":\"https:\\\/\\\/www.cfg.edu.pl\\\/wp-content\\\/uploads\\\/2024\\\/02\\\/FUNDACJA_Code_for_Green_logo.svg\",\"contentUrl\":\"https:\\\/\\\/www.cfg.edu.pl\\\/wp-content\\\/uploads\\\/2024\\\/02\\\/FUNDACJA_Code_for_Green_logo.svg\",\"width\":236,\"height\":111,\"caption\":\"Code for Green\"},\"image\":{\"@id\":\"https:\\\/\\\/www.cfg.edu.pl\\\/#\\\/schema\\\/logo\\\/image\\\/\"},\"sameAs\":[\"https:\\\/\\\/www.facebook.com\\\/FundacjaForumInicjatywSpolecznych\\\/\",\"https:\\\/\\\/www.youtube.com\\\/@fundacjaforuminicjatywspoe6910\\\/featured\"],\"description\":\"Jeste\u015bmy polsk\u0105 organizacj\u0105 non-profit, kt\u00f3ra od 2018 roku aktywnie wprowadza sprawcza edukacj\u0119 \u015brodowiskow\u0105 do szk\u00f3\u0142, by m\u0142odzi potrafili rozwi\u0105zywa\u0107 lokalne problemy wykorzystuj\u0105c technologie cyfrowe. Kszta\u0142cimy nauczycieli \u2013 przekszta\u0142camy szko\u0142\u0119 w centrum edukacji \u015brodowiskowej.\",\"email\":\"biuro@ffis.edu.pl\",\"legalName\":\"Fundacja Forum Inicjatyw Spo\u0142ecznych\",\"vatID\":\"PL8442359966\",\"taxID\":\"8442359966\"}]}<\/script>\n<!-- \/ Yoast SEO Premium plugin. -->","yoast_head_json":{"title":"Regulamin - Code for Green","robots":{"index":"index","follow":"follow","max-snippet":"max-snippet:-1","max-image-preview":"max-image-preview:large","max-video-preview":"max-video-preview:-1"},"canonical":"https:\/\/www.cfg.edu.pl\/eng\/regulamin\/","og_locale":"en_GB","og_type":"article","og_title":"Regulamin","og_description":"Regulamin darowizn online (wersja z dnia 15.02.2024 r.)","og_url":"https:\/\/www.cfg.edu.pl\/eng\/regulamin\/","og_site_name":"Code for Green","article_publisher":"https:\/\/www.facebook.com\/FundacjaForumInicjatywSpolecznych\/","article_modified_time":"2024-08-30T11:45:57+00:00","twitter_card":"summary_large_image","twitter_misc":{"Est. reading time":"4 minutes"},"schema":{"@context":"https:\/\/schema.org","@graph":[{"@type":"WebPage","@id":"https:\/\/www.cfg.edu.pl\/regulamin\/","url":"https:\/\/www.cfg.edu.pl\/regulamin\/","name":"Regulamin - Code for Green","isPartOf":{"@id":"https:\/\/www.cfg.edu.pl\/#website"},"datePublished":"2024-02-21T21:36:21+00:00","dateModified":"2024-08-30T11:45:57+00:00","breadcrumb":{"@id":"https:\/\/www.cfg.edu.pl\/regulamin\/#breadcrumb"},"inLanguage":"en-GB","potentialAction":[{"@type":"ReadAction","target":["https:\/\/www.cfg.edu.pl\/regulamin\/"]}]},{"@type":"BreadcrumbList","@id":"https:\/\/www.cfg.edu.pl\/regulamin\/#breadcrumb","itemListElement":[{"@type":"ListItem","position":1,"name":"Home","item":"https:\/\/www.cfg.edu.pl\/"},{"@type":"ListItem","position":2,"name":"Regulamin"}]},{"@type":"WebSite","@id":"https:\/\/www.cfg.edu.pl\/#website","url":"https:\/\/www.cfg.edu.pl\/","name":"Code for Green Foundation","description":"Edukacja, \u015arodowisko, Sprawczo\u015b\u0107, Technologia","publisher":{"@id":"https:\/\/www.cfg.edu.pl\/#organization"},"alternateName":"Code for Green","potentialAction":[{"@type":"SearchAction","target":{"@type":"EntryPoint","urlTemplate":"https:\/\/www.cfg.edu.pl\/?s={search_term_string}"},"query-input":{"@type":"PropertyValueSpecification","valueRequired":true,"valueName":"search_term_string"}}],"inLanguage":"en-GB"},{"@type":"Organization","@id":"https:\/\/www.cfg.edu.pl\/#organization","name":"Code for Green","alternateName":"Fundacja Forum Inicjatyw Spo\u0142ecznych","url":"https:\/\/www.cfg.edu.pl\/","logo":{"@type":"ImageObject","inLanguage":"en-GB","@id":"https:\/\/www.cfg.edu.pl\/#\/schema\/logo\/image\/","url":"https:\/\/www.cfg.edu.pl\/wp-content\/uploads\/2024\/02\/FUNDACJA_Code_for_Green_logo.svg","contentUrl":"https:\/\/www.cfg.edu.pl\/wp-content\/uploads\/2024\/02\/FUNDACJA_Code_for_Green_logo.svg","width":236,"height":111,"caption":"Code for Green"},"image":{"@id":"https:\/\/www.cfg.edu.pl\/#\/schema\/logo\/image\/"},"sameAs":["https:\/\/www.facebook.com\/FundacjaForumInicjatywSpolecznych\/","https:\/\/www.youtube.com\/@fundacjaforuminicjatywspoe6910\/featured"],"description":"Jeste\u015bmy polsk\u0105 organizacj\u0105 non-profit, kt\u00f3ra od 2018 roku aktywnie wprowadza sprawcza edukacj\u0119 \u015brodowiskow\u0105 do szk\u00f3\u0142, by m\u0142odzi potrafili rozwi\u0105zywa\u0107 lokalne problemy wykorzystuj\u0105c technologie cyfrowe. Kszta\u0142cimy nauczycieli \u2013 przekszta\u0142camy szko\u0142\u0119 w centrum edukacji \u015brodowiskowej.","email":"biuro@ffis.edu.pl","legalName":"Fundacja Forum Inicjatyw Spo\u0142ecznych","vatID":"PL8442359966","taxID":"8442359966"}]}},"_links":{"self":[{"href":"https:\/\/www.cfg.edu.pl\/eng\/wp-json\/wp\/v2\/pages\/3","targetHints":{"allow":["GET"]}}],"collection":[{"href":"https:\/\/www.cfg.edu.pl\/eng\/wp-json\/wp\/v2\/pages"}],"about":[{"href":"https:\/\/www.cfg.edu.pl\/eng\/wp-json\/wp\/v2\/types\/page"}],"author":[{"embeddable":true,"href":"https:\/\/www.cfg.edu.pl\/eng\/wp-json\/wp\/v2\/users\/1"}],"replies":[{"embeddable":true,"href":"https:\/\/www.cfg.edu.pl\/eng\/wp-json\/wp\/v2\/comments?post=3"}],"version-history":[{"count":0,"href":"https:\/\/www.cfg.edu.pl\/eng\/wp-json\/wp\/v2\/pages\/3\/revisions"}],"wp:attachment":[{"href":"https:\/\/www.cfg.edu.pl\/eng\/wp-json\/wp\/v2\/media?parent=3"}],"curies":[{"name":"wp","href":"https:\/\/api.w.org\/{rel}","templated":true}]}}