{"id":6101,"date":"2024-11-25T11:26:33","date_gmt":"2024-11-25T10:26:33","guid":{"rendered":"https:\/\/www.cfg.edu.pl\/?page_id=6101"},"modified":"2026-03-24T11:30:02","modified_gmt":"2026-03-24T10:30:02","slug":"projekt-norweski","status":"publish","type":"page","link":"https:\/\/www.cfg.edu.pl\/eng\/projekt-norweski\/","title":{"rendered":"Transformacja Fundacji w ramach grantu M1\/0086"},"content":{"rendered":"<div data-elementor-type=\"wp-page\" data-elementor-id=\"6101\" class=\"elementor elementor-6101\" data-elementor-post-type=\"page\">\n\t\t\t\t<div data-dce-background-color=\"#31A8D1\" class=\"elementor-element elementor-element-fc0bd2c e-flex e-con-boxed e-con e-parent\" data-id=\"fc0bd2c\" data-element_type=\"container\" data-e-type=\"container\" data-settings=\"{&quot;background_background&quot;:&quot;classic&quot;}\">\n\t\t\t\t\t<div class=\"e-con-inner\">\n\t\t<div data-dce-background-image-url=\"https:\/\/www.cfg.edu.pl\/wp-content\/uploads\/2024\/12\/active.png\" class=\"elementor-element elementor-element-bc322a1 e-con-full e-flex e-con e-child\" data-id=\"bc322a1\" data-element_type=\"container\" data-e-type=\"container\" data-settings=\"{&quot;background_background&quot;:&quot;classic&quot;}\">\n\t\t\t\t<\/div>\n\t\t<div class=\"elementor-element elementor-element-f7ce032 e-con-full e-flex e-con e-child\" data-id=\"f7ce032\" data-element_type=\"container\" data-e-type=\"container\">\n\t\t\t\t<div class=\"elementor-element elementor-element-d8a842e elementor-widget__width-inherit elementor-widget elementor-widget-heading\" data-id=\"d8a842e\" data-element_type=\"widget\" data-e-type=\"widget\" data-widget_type=\"heading.default\">\n\t\t\t\t\t<div class=\"elementor-heading-title elementor-size-default\">Misj\u0105 FCFG jest stworzenie warunk\u00f3w, kt\u00f3re umo\u017cliwi\u0105 m\u0142odym ludziom bycie kreatywnymi i wra\u017cliwymi na globalne problemy \u015brodowiskowe w zmieniaj\u0105cej si\u0119 rzeczywisto\u015bci. Wsp\u00f3lnie z innymi b\u0119d\u0105 d\u0105\u017cy\u0107 do ich rozwi\u0105zywania, wykorzystuj\u0105c dost\u0119pne zasoby oraz swoje umiej\u0119tno\u015bci (w tym technologiczne) dla zapewnienia dobrego \u017cycia wszystkim istotom, wychodz\u0105c ze szko\u0142y b\u0119d\u0105cej centrum lokalnej spo\u0142eczno\u015bci. Wizj\u0105 natomiast jest otoczenie, w kt\u00f3rym FCFG staje si\u0119 liderem zmiany edukacji \u015brodowiskowej i klimatycznej, czyni\u0105c j\u0105 praktyczn\u0105 oraz rozwijaj\u0105c\u0105 sprawcze kompetencje m\u0142odych ludzi w zmieniaj\u0105cym si\u0119 \u015bwiecie przysz\u0142o\u015bci.<\/div>\t\t\t\t<\/div>\n\t\t\t\t<\/div>\n\t\t\t\t\t<\/div>\n\t\t\t\t<\/div>\n\t\t<div class=\"elementor-element elementor-element-6598dbe e-flex e-con-boxed e-con e-parent\" data-id=\"6598dbe\" data-element_type=\"container\" data-e-type=\"container\">\n\t\t\t\t\t<div class=\"e-con-inner\">\n\t\t<div data-dce-background-overlay-color=\"#020101C2\" data-dce-background-image-url=\"https:\/\/www.cfg.edu.pl\/wp-content\/uploads\/2024\/12\/wykres.jpeg\" class=\"elementor-element elementor-element-8f5fd66 e-con-full e-flex e-con e-child\" data-id=\"8f5fd66\" data-element_type=\"container\" data-e-type=\"container\" data-settings=\"{&quot;background_background&quot;:&quot;classic&quot;}\">\n\t\t\t\t<div class=\"elementor-element elementor-element-192b4fe elementor-widget elementor-widget-heading\" data-id=\"192b4fe\" data-element_type=\"widget\" data-e-type=\"widget\" data-widget_type=\"heading.default\">\n\t\t\t\t\t<div class=\"elementor-heading-title elementor-size-default\"><b>W ramach grantu instytucjonalnego:<\/b>\n<span style=\"font-size: medium\"><br>\nstworzyli\u015bmy <b>now\u0105 strategi\u0119 finansow\u0105<\/b> na najbli\u017csze lata<br>\n<b>zmienili\u015bmy nazw\u0119 Fundacji<\/b> i od\u015bwie\u017cyli\u015bmy jej komunikacj\u0119 wizualn\u0105<br>\n<b>powi\u0119kszyli\u015bmy zesp\u00f3\u0142<\/b> o nowych pracownik\u00f3w i wsp\u00f3\u0142pracownik\u00f3w<br>\n<b>jeste\u015bmy bardziej widoczni<\/b> dzi\u0119ki otwarciu biura<br>\n<b>podnie\u015bli\u015bmy kompetencje naszych wsp\u00f3\u0142pracownik\u00f3w<\/b> w kluczowych obszarach<br>\n<b>zdywersyfikowali\u015bmy portfel Fundacji<\/b> poprzez fundraising<\/span><\/div>\t\t\t\t<\/div>\n\t\t\t\t<\/div>\n\t\t<div class=\"elementor-element elementor-element-fc2ebcd e-con-full e-flex e-con e-child\" data-id=\"fc2ebcd\" data-element_type=\"container\" data-e-type=\"container\">\n\t\t\t\t<div class=\"elementor-element elementor-element-9a2eecf elementor-widget elementor-widget-heading\" data-id=\"9a2eecf\" data-element_type=\"widget\" data-e-type=\"widget\" data-widget_type=\"heading.default\">\n\t\t\t\t\t<div class=\"elementor-heading-title elementor-size-default\">Pracuj\u0105c g\u0142\u00f3wnie w \u015brodowisku edukacyjnym, <b>skupiamy si\u0119 na tworzeniu nowych modeli edukacyjnych<\/b>. G\u0142\u00f3wn\u0105 grup\u0105 docelow\u0105 s\u0105 zatem <b>uczniowie, nauczyciele, a tak\u017ce dyrektorzy, instytucje nadzoruj\u0105ce, wsp\u00f3\u0142pracuj\u0105ce organizacje pozarz\u0105dowe, rodzice oraz biznes (np. jako przysz\u0142y pracodawca).<\/b><br> W tym otoczeniu, wykorzystuj\u0105c posiadane <b>zasoby ludzkie<\/b> (specjalist\u00f3w w niezb\u0119dnych obszarach do tworzenia i wdra\u017cania modeli), <b>do\u015bwiadczenie<\/b> (wdro\u017cone i rozliczone projekty w zakresie edukacji i technologii) oraz dost\u0119pne <b>\u015brodki finansowe<\/b>, staramy si\u0119 sprosta\u0107 wyzwaniom \u015bwiata VUCA. <b>Rozwi\u0105zujemy konkretne problemy zwi\u0105zane ze zmianami klimatu, ochron\u0105 \u015brodowiska i bior\u00f3\u017cnorodno\u015bci\u0105<\/b>, wykorzystuj\u0105c proaktywne podej\u015bcie oraz nowoczesne technologie.<\/div>\t\t\t\t<\/div>\n\t\t\t\t<\/div>\n\t\t\t\t\t<\/div>\n\t\t\t\t<\/div>\n\t\t<div class=\"elementor-element elementor-element-5929bd3 e-flex e-con-boxed e-con e-parent\" data-id=\"5929bd3\" data-element_type=\"container\" data-e-type=\"container\">\n\t\t\t\t\t<div class=\"e-con-inner\">\n\t\t<div class=\"elementor-element elementor-element-badf4a6 e-con-full e-flex e-con e-child\" data-id=\"badf4a6\" data-element_type=\"container\" data-e-type=\"container\">\n\t\t\t\t<div class=\"elementor-element elementor-element-403e495 elementor-widget elementor-widget-heading\" data-id=\"403e495\" data-element_type=\"widget\" data-e-type=\"widget\" data-widget_type=\"heading.default\">\n\t\t\t\t\t<div class=\"elementor-heading-title elementor-size-default\">W tym duchu rozwijamy nasz\u0105 organizacj\u0119, co jest mo\u017cliwe dzi\u0119ki pozyskaniu grantu na rozw\u00f3j Fundacji.<br>\nOpieramy si\u0119 na warto\u015bciach takich jak <b>odpowiedzialno\u015b\u0107, empatia i my\u015blenie d\u0142ugoterminowe<\/b>. Du\u017cym wyzwaniem pozostaje wdra\u017canie nowych narz\u0119dzi edukacyjnych i modeli, zw\u0142aszcza w kontek\u015bcie wci\u0105\u017c dominuj\u0105cego w edukacji modelu pruskiego, ci\u0105g\u0142ych zmian systemowych czy braku odpowiedniego finansowania. Istotne s\u0105 r\u00f3wnie\u017c zmiany w nastawieniu i wsp\u00f3\u0142pracy grup docelowych.<br>\nW perspektywie dalszego rozwoju kluczowa jest <b>budowa silnych sieci spo\u0142ecznych i relacji<\/b> \u2014 zar\u00f3wno mi\u0119dzy FCFG a okre\u015blonymi grupami, jak i w ich obr\u0119bie. Wa\u017cnym elementem jest tak\u017ce <b>rozw\u00f3j spersonalizowanej sieci ekspert\u00f3w<\/b>, kt\u00f3ra wspiera dzia\u0142ania Fundacji.<\/div>\t\t\t\t<\/div>\n\t\t\t\t<\/div>\n\t\t<div data-dce-background-overlay-color=\"#463A3ADE\" data-dce-background-image-url=\"https:\/\/www.cfg.edu.pl\/wp-content\/uploads\/2024\/12\/ekipa_CFG.jpeg\" class=\"elementor-element elementor-element-dbeb6eb e-con-full e-flex e-con e-child\" data-id=\"dbeb6eb\" data-element_type=\"container\" data-e-type=\"container\" data-settings=\"{&quot;background_background&quot;:&quot;classic&quot;}\">\n\t\t\t\t<div class=\"elementor-element elementor-element-55366ba elementor-widget elementor-widget-heading\" data-id=\"55366ba\" data-element_type=\"widget\" data-e-type=\"widget\" data-widget_type=\"heading.default\">\n\t\t\t\t\t<div class=\"elementor-heading-title elementor-size-default\"><span style=\"font-size: medium\">DZIA\u0141ANIA ORGANIZACJI W LATACH 2022-2024<\/span> <br>DOFINANSOWANE Z\nFUNDUSZY NORWESKICH W RAMACH PROGRAMU AKTYWNI OBYWATELE \u2013\nFUNDUSZ REGIONALNY<br>\n<b>Grant w wysoko\u015bci\u00a0110\u00a0000\u00a0Euro<\/b><\/div>\t\t\t\t<\/div>\n\t\t\t\t<\/div>\n\t\t\t\t\t<\/div>\n\t\t\t\t<\/div>\n\t\t\t\t<\/div>","protected":false},"excerpt":{"rendered":"<p>Misj\u0105 FCFG jest stworzenie warunk\u00f3w, kt\u00f3re umo\u017cliwi\u0105 m\u0142odym ludziom bycie kreatywnymi i wra\u017cliwymi na globalne problemy \u015brodowiskowe w zmieniaj\u0105cej si\u0119 rzeczywisto\u015bci. Wsp\u00f3lnie z innymi b\u0119d\u0105 d\u0105\u017cy\u0107 do ich rozwi\u0105zywania, wykorzystuj\u0105c dost\u0119pne zasoby oraz swoje umiej\u0119tno\u015bci (w tym technologiczne) dla zapewnienia dobrego \u017cycia wszystkim istotom, wychodz\u0105c ze szko\u0142y b\u0119d\u0105cej centrum lokalnej spo\u0142eczno\u015bci. Wizj\u0105 natomiast jest otoczenie, [&hellip;]<\/p>\n","protected":false},"author":5,"featured_media":0,"parent":0,"menu_order":0,"comment_status":"closed","ping_status":"closed","template":"","meta":{"_acf_changed":false,"footnotes":""},"class_list":["post-6101","page","type-page","status-publish","hentry"],"acf":[],"yoast_head":"<!-- This site is optimized with the Yoast SEO Premium plugin v23.4 (Yoast SEO v27.4) - https:\/\/yoast.com\/product\/yoast-seo-premium-wordpress\/ -->\n<title>Transformacja Fundacji w ramach grantu M1\/0086 - Code for Green<\/title>\n<meta name=\"robots\" content=\"index, follow, max-snippet:-1, max-image-preview:large, max-video-preview:-1\" \/>\n<link rel=\"canonical\" href=\"https:\/\/www.cfg.edu.pl\/eng\/projekt-norweski\/\" \/>\n<meta property=\"og:locale\" content=\"en_GB\" \/>\n<meta property=\"og:type\" content=\"article\" \/>\n<meta property=\"og:title\" content=\"Transformacja Fundacji w ramach grantu M1\/0086\" \/>\n<meta property=\"og:description\" content=\"Misj\u0105 FCFG jest stworzenie warunk\u00f3w, kt\u00f3re umo\u017cliwi\u0105 m\u0142odym ludziom bycie kreatywnymi i wra\u017cliwymi na globalne problemy \u015brodowiskowe w zmieniaj\u0105cej si\u0119 rzeczywisto\u015bci. Wsp\u00f3lnie z innymi b\u0119d\u0105 d\u0105\u017cy\u0107 do ich rozwi\u0105zywania, wykorzystuj\u0105c dost\u0119pne zasoby oraz swoje umiej\u0119tno\u015bci (w tym technologiczne) dla zapewnienia dobrego \u017cycia wszystkim istotom, wychodz\u0105c ze szko\u0142y b\u0119d\u0105cej centrum lokalnej spo\u0142eczno\u015bci. Wizj\u0105 natomiast jest otoczenie, [&hellip;]\" \/>\n<meta property=\"og:url\" content=\"https:\/\/www.cfg.edu.pl\/eng\/projekt-norweski\/\" \/>\n<meta property=\"og:site_name\" content=\"Code for Green\" \/>\n<meta property=\"article:publisher\" content=\"https:\/\/www.facebook.com\/FundacjaForumInicjatywSpolecznych\/\" \/>\n<meta property=\"article:modified_time\" content=\"2026-03-24T10:30:02+00:00\" \/>\n<meta name=\"twitter:card\" content=\"summary_large_image\" \/>\n<meta name=\"twitter:label1\" content=\"Est. reading time\" \/>\n\t<meta name=\"twitter:data1\" content=\"2 minutes\" \/>\n<script type=\"application\/ld+json\" class=\"yoast-schema-graph\">{\"@context\":\"https:\\\/\\\/schema.org\",\"@graph\":[{\"@type\":\"WebPage\",\"@id\":\"https:\\\/\\\/www.cfg.edu.pl\\\/projekt-norweski\\\/\",\"url\":\"https:\\\/\\\/www.cfg.edu.pl\\\/projekt-norweski\\\/\",\"name\":\"Transformacja Fundacji w ramach grantu M1\\\/0086 - Code for Green\",\"isPartOf\":{\"@id\":\"https:\\\/\\\/www.cfg.edu.pl\\\/#website\"},\"datePublished\":\"2024-11-25T10:26:33+00:00\",\"dateModified\":\"2026-03-24T10:30:02+00:00\",\"breadcrumb\":{\"@id\":\"https:\\\/\\\/www.cfg.edu.pl\\\/projekt-norweski\\\/#breadcrumb\"},\"inLanguage\":\"en-GB\",\"potentialAction\":[{\"@type\":\"ReadAction\",\"target\":[\"https:\\\/\\\/www.cfg.edu.pl\\\/projekt-norweski\\\/\"]}]},{\"@type\":\"BreadcrumbList\",\"@id\":\"https:\\\/\\\/www.cfg.edu.pl\\\/projekt-norweski\\\/#breadcrumb\",\"itemListElement\":[{\"@type\":\"ListItem\",\"position\":1,\"name\":\"Home\",\"item\":\"https:\\\/\\\/www.cfg.edu.pl\\\/\"},{\"@type\":\"ListItem\",\"position\":2,\"name\":\"Transformacja Fundacji w ramach grantu M1\\\/0086\"}]},{\"@type\":\"WebSite\",\"@id\":\"https:\\\/\\\/www.cfg.edu.pl\\\/#website\",\"url\":\"https:\\\/\\\/www.cfg.edu.pl\\\/\",\"name\":\"Fundacja Code for Green\",\"description\":\"Edukacja, \u015arodowisko, Sprawczo\u015b\u0107, Technologia\",\"publisher\":{\"@id\":\"https:\\\/\\\/www.cfg.edu.pl\\\/#organization\"},\"alternateName\":\"Code for Green\",\"potentialAction\":[{\"@type\":\"SearchAction\",\"target\":{\"@type\":\"EntryPoint\",\"urlTemplate\":\"https:\\\/\\\/www.cfg.edu.pl\\\/?s={search_term_string}\"},\"query-input\":{\"@type\":\"PropertyValueSpecification\",\"valueRequired\":true,\"valueName\":\"search_term_string\"}}],\"inLanguage\":\"en-GB\"},{\"@type\":\"Organization\",\"@id\":\"https:\\\/\\\/www.cfg.edu.pl\\\/#organization\",\"name\":\"Code for Green\",\"alternateName\":\"Fundacja Forum Inicjatyw Spo\u0142ecznych\",\"url\":\"https:\\\/\\\/www.cfg.edu.pl\\\/\",\"logo\":{\"@type\":\"ImageObject\",\"inLanguage\":\"en-GB\",\"@id\":\"https:\\\/\\\/www.cfg.edu.pl\\\/#\\\/schema\\\/logo\\\/image\\\/\",\"url\":\"https:\\\/\\\/www.cfg.edu.pl\\\/wp-content\\\/uploads\\\/2024\\\/02\\\/FUNDACJA_Code_for_Green_logo.svg\",\"contentUrl\":\"https:\\\/\\\/www.cfg.edu.pl\\\/wp-content\\\/uploads\\\/2024\\\/02\\\/FUNDACJA_Code_for_Green_logo.svg\",\"width\":236,\"height\":111,\"caption\":\"Code for Green\"},\"image\":{\"@id\":\"https:\\\/\\\/www.cfg.edu.pl\\\/#\\\/schema\\\/logo\\\/image\\\/\"},\"sameAs\":[\"https:\\\/\\\/www.facebook.com\\\/FundacjaForumInicjatywSpolecznych\\\/\",\"https:\\\/\\\/www.youtube.com\\\/@fundacjaforuminicjatywspoe6910\\\/featured\"],\"description\":\"Jeste\u015bmy polsk\u0105 organizacj\u0105 non-profit, kt\u00f3ra od 2018 roku aktywnie wprowadza sprawcza edukacj\u0119 \u015brodowiskow\u0105 do szk\u00f3\u0142, by m\u0142odzi potrafili rozwi\u0105zywa\u0107 lokalne problemy wykorzystuj\u0105c technologie cyfrowe. Kszta\u0142cimy nauczycieli \u2013 przekszta\u0142camy szko\u0142\u0119 w centrum edukacji \u015brodowiskowej.\",\"email\":\"biuro@ffis.edu.pl\",\"legalName\":\"Fundacja Forum Inicjatyw Spo\u0142ecznych\",\"vatID\":\"PL8442359966\",\"taxID\":\"8442359966\"}]}<\/script>\n<!-- \/ Yoast SEO Premium plugin. -->","yoast_head_json":{"title":"Transformacja Fundacji w ramach grantu M1\/0086 - Code for Green","robots":{"index":"index","follow":"follow","max-snippet":"max-snippet:-1","max-image-preview":"max-image-preview:large","max-video-preview":"max-video-preview:-1"},"canonical":"https:\/\/www.cfg.edu.pl\/eng\/projekt-norweski\/","og_locale":"en_GB","og_type":"article","og_title":"Transformacja Fundacji w ramach grantu M1\/0086","og_description":"Misj\u0105 FCFG jest stworzenie warunk\u00f3w, kt\u00f3re umo\u017cliwi\u0105 m\u0142odym ludziom bycie kreatywnymi i wra\u017cliwymi na globalne problemy \u015brodowiskowe w zmieniaj\u0105cej si\u0119 rzeczywisto\u015bci. Wsp\u00f3lnie z innymi b\u0119d\u0105 d\u0105\u017cy\u0107 do ich rozwi\u0105zywania, wykorzystuj\u0105c dost\u0119pne zasoby oraz swoje umiej\u0119tno\u015bci (w tym technologiczne) dla zapewnienia dobrego \u017cycia wszystkim istotom, wychodz\u0105c ze szko\u0142y b\u0119d\u0105cej centrum lokalnej spo\u0142eczno\u015bci. Wizj\u0105 natomiast jest otoczenie, [&hellip;]","og_url":"https:\/\/www.cfg.edu.pl\/eng\/projekt-norweski\/","og_site_name":"Code for Green","article_publisher":"https:\/\/www.facebook.com\/FundacjaForumInicjatywSpolecznych\/","article_modified_time":"2026-03-24T10:30:02+00:00","twitter_card":"summary_large_image","twitter_misc":{"Est. reading time":"2 minutes"},"schema":{"@context":"https:\/\/schema.org","@graph":[{"@type":"WebPage","@id":"https:\/\/www.cfg.edu.pl\/projekt-norweski\/","url":"https:\/\/www.cfg.edu.pl\/projekt-norweski\/","name":"Transformacja Fundacji w ramach grantu M1\/0086 - Code for Green","isPartOf":{"@id":"https:\/\/www.cfg.edu.pl\/#website"},"datePublished":"2024-11-25T10:26:33+00:00","dateModified":"2026-03-24T10:30:02+00:00","breadcrumb":{"@id":"https:\/\/www.cfg.edu.pl\/projekt-norweski\/#breadcrumb"},"inLanguage":"en-GB","potentialAction":[{"@type":"ReadAction","target":["https:\/\/www.cfg.edu.pl\/projekt-norweski\/"]}]},{"@type":"BreadcrumbList","@id":"https:\/\/www.cfg.edu.pl\/projekt-norweski\/#breadcrumb","itemListElement":[{"@type":"ListItem","position":1,"name":"Home","item":"https:\/\/www.cfg.edu.pl\/"},{"@type":"ListItem","position":2,"name":"Transformacja Fundacji w ramach grantu M1\/0086"}]},{"@type":"WebSite","@id":"https:\/\/www.cfg.edu.pl\/#website","url":"https:\/\/www.cfg.edu.pl\/","name":"Code for Green Foundation","description":"Edukacja, \u015arodowisko, Sprawczo\u015b\u0107, Technologia","publisher":{"@id":"https:\/\/www.cfg.edu.pl\/#organization"},"alternateName":"Code for Green","potentialAction":[{"@type":"SearchAction","target":{"@type":"EntryPoint","urlTemplate":"https:\/\/www.cfg.edu.pl\/?s={search_term_string}"},"query-input":{"@type":"PropertyValueSpecification","valueRequired":true,"valueName":"search_term_string"}}],"inLanguage":"en-GB"},{"@type":"Organization","@id":"https:\/\/www.cfg.edu.pl\/#organization","name":"Code for Green","alternateName":"Fundacja Forum Inicjatyw Spo\u0142ecznych","url":"https:\/\/www.cfg.edu.pl\/","logo":{"@type":"ImageObject","inLanguage":"en-GB","@id":"https:\/\/www.cfg.edu.pl\/#\/schema\/logo\/image\/","url":"https:\/\/www.cfg.edu.pl\/wp-content\/uploads\/2024\/02\/FUNDACJA_Code_for_Green_logo.svg","contentUrl":"https:\/\/www.cfg.edu.pl\/wp-content\/uploads\/2024\/02\/FUNDACJA_Code_for_Green_logo.svg","width":236,"height":111,"caption":"Code for Green"},"image":{"@id":"https:\/\/www.cfg.edu.pl\/#\/schema\/logo\/image\/"},"sameAs":["https:\/\/www.facebook.com\/FundacjaForumInicjatywSpolecznych\/","https:\/\/www.youtube.com\/@fundacjaforuminicjatywspoe6910\/featured"],"description":"Jeste\u015bmy polsk\u0105 organizacj\u0105 non-profit, kt\u00f3ra od 2018 roku aktywnie wprowadza sprawcza edukacj\u0119 \u015brodowiskow\u0105 do szk\u00f3\u0142, by m\u0142odzi potrafili rozwi\u0105zywa\u0107 lokalne problemy wykorzystuj\u0105c technologie cyfrowe. Kszta\u0142cimy nauczycieli \u2013 przekszta\u0142camy szko\u0142\u0119 w centrum edukacji \u015brodowiskowej.","email":"biuro@ffis.edu.pl","legalName":"Fundacja Forum Inicjatyw Spo\u0142ecznych","vatID":"PL8442359966","taxID":"8442359966"}]}},"_links":{"self":[{"href":"https:\/\/www.cfg.edu.pl\/eng\/wp-json\/wp\/v2\/pages\/6101","targetHints":{"allow":["GET"]}}],"collection":[{"href":"https:\/\/www.cfg.edu.pl\/eng\/wp-json\/wp\/v2\/pages"}],"about":[{"href":"https:\/\/www.cfg.edu.pl\/eng\/wp-json\/wp\/v2\/types\/page"}],"author":[{"embeddable":true,"href":"https:\/\/www.cfg.edu.pl\/eng\/wp-json\/wp\/v2\/users\/5"}],"replies":[{"embeddable":true,"href":"https:\/\/www.cfg.edu.pl\/eng\/wp-json\/wp\/v2\/comments?post=6101"}],"version-history":[{"count":32,"href":"https:\/\/www.cfg.edu.pl\/eng\/wp-json\/wp\/v2\/pages\/6101\/revisions"}],"predecessor-version":[{"id":7544,"href":"https:\/\/www.cfg.edu.pl\/eng\/wp-json\/wp\/v2\/pages\/6101\/revisions\/7544"}],"wp:attachment":[{"href":"https:\/\/www.cfg.edu.pl\/eng\/wp-json\/wp\/v2\/media?parent=6101"}],"curies":[{"name":"wp","href":"https:\/\/api.w.org\/{rel}","templated":true}]}}